{"id":393,"date":"2023-10-13T11:51:53","date_gmt":"2023-10-13T11:51:53","guid":{"rendered":"https:\/\/otvaikai.lt\/?page_id=393"},"modified":"2024-02-02T09:00:14","modified_gmt":"2024-02-02T09:00:14","slug":"pirkimo-ir-grazinimo-taisykles","status":"publish","type":"page","link":"https:\/\/otvaikai.lt\/en\/pirkimo-ir-grazinimo-taisykles\/","title":{"rendered":"Pirkimo ir gr\u0105\u017einimo taisykl\u0117s"},"content":{"rendered":"<div data-elementor-type=\"wp-page\" data-elementor-id=\"393\" class=\"elementor elementor-393\" data-elementor-settings=\"{&quot;ha_cmc_init_switcher&quot;:&quot;no&quot;}\" data-elementor-post-type=\"page\">\n\t\t\t\t<div class=\"elementor-element elementor-element-7ca9c46 e-flex e-con-boxed e-con e-parent\" data-id=\"7ca9c46\" data-element_type=\"container\" data-settings=\"{&quot;_ha_eqh_enable&quot;:false}\">\n\t\t\t\t\t<div class=\"e-con-inner\">\n\t\t\t\t<div class=\"elementor-element elementor-element-9535e57 elementor-widget elementor-widget-heading\" data-id=\"9535e57\" data-element_type=\"widget\" data-widget_type=\"heading.default\">\n\t\t\t\t<div class=\"elementor-widget-container\">\n\t\t\t\t\t<h1 class=\"elementor-heading-title elementor-size-default\">pirkimo ir gr\u0105\u017einimo taisykl\u0117s<\/h1>\t\t\t\t<\/div>\n\t\t\t\t<\/div>\n\t\t\t\t<div class=\"elementor-element elementor-element-184eb94 elementor-widget elementor-widget-text-editor\" data-id=\"184eb94\" data-element_type=\"widget\" data-widget_type=\"text-editor.default\">\n\t\t\t\t<div class=\"elementor-widget-container\">\n\t\t\t\t\t\t\t\t\t<p><strong>Pirkimo ir pristatymo taisykl\u0117s<\/strong><\/p><p><strong>Apmok\u0117jimas<\/strong><\/p><ol><li>Visos preki\u0173 kainos elektronin\u0117je parduotuv\u0117je nurodytos eurais, \u012fskaitant PVM.<\/li><\/ol><ol><li style=\"list-style-type: none;\"><ol><li>Pirk\u0117jas \u012fsipareigoja apmok\u0117ti u\u017esakym\u0105 per 3 (tris) kalendorines dienas nuo u\u017esakymo patvirtinimo dienos. Siuntinys pradedamas ruo\u0161ti tik gavus apmok\u0117jim\u0105 u\u017e prekes.<\/li><li>Pirk\u0117jui ne\u012fvykd\u017eius mok\u0117jimo per 3 (tris) kalendorines dienas, u\u017esakymas anuliuojamas.<\/li><\/ol><\/li><\/ol><p><strong>Preki\u0173 pristatymas<\/strong><\/p><ol><li>Preki\u0173 pristatymas atliekamas siun\u010diant produktus j\u016bs\u0173 nurodytu adresu arba \u012f pasirinkt\u0105 pa\u0161tomat\u0105.<ol><li>Pristatymo terminai kinta priklausomai nuo pasirinkto pristatymo b\u016bdo, \u012fprastomis s\u0105lygomis prek\u0117s pristatomos per 2-4d.d. nuo apmok\u0117jimo gavimo.<\/li><li>Pristatymo kainos\u00a0kinta priklausomai nuo pasirinkto pristatymo b\u016bdo.<\/li><li>J\u016bs garantuojate ir nurodote, kad su u\u017esakymu buvo pateiktas visas ir teisingas pristatymo adresas. Jei d\u0117l neteising\u0173 pristatymo adreso duomen\u0173 atsiranda papildom\u0173 pristatymo i\u0161laid\u0173, j\u016bs prisiimate j\u0173 i\u0161laid\u0173 atsakomyb\u0119.<\/li><\/ol><\/li><li>Pristatym\u0105 atlieka tre\u010diosios \u0161alys, kurios veikia pagal savo s\u0105lygas. Mes nesame atsakingi u\u017e tre\u010di\u0173j\u0173 \u0161ali\u0173 veiksmus ir neatsakome u\u017e pristatym\u0105 ir v\u0117lavim\u0105 d\u0117l force majeure aplinkybi\u0173. Force majeure aplinkyb\u0117mis laikomos karas, riau\u0161\u0117s, auk\u0161tesn\u0117s institucijos trukd\u017eiai, pramoniniai gin\u010dai, streikai ar lokautai, \u017ealiav\u0173 ar energijos tr\u016bkumai, taip pat nei\u0161vengiami eksploatavimo ar transporto sutrikimai, pvz., elektros energijos tiekimo sutrikimai, gaisras, potvyniai arba neigiamas transportavimo oro poveikis.\u00a0<\/li><\/ol><p><strong>Pinig\u0173 gr\u0105\u017einimo politika<\/strong><\/p><ol><li>Preki\u0173 gr\u0105\u017einimas vyksta vadovaujantis 2001m. bir\u017eelio 29d. Lietuvos Respublikos \u016akio ministro \u012fsakymu Nr. 217 &#8222;D\u0117l daikt\u0173 gr\u0105\u017einimo ir keitimo taisykli\u0173 patvirtinimo&#8221;.<\/li><li>Pirk\u0117jas gr\u0105\u017einamas prekes turi i\u0161si\u0173sti registruota siunta. Registruotos siuntos numeris privalo b\u016bti pateiktas Pardav\u0117jui ne v\u0117liau kaip per 24 val. po i\u0161siuntimo.<\/li><li>Gr\u0105\u017einam\u0173 kokybi\u0161k\u0173 arba kei\u010diam\u0173 preki\u0173 gr\u0105\u017einimo i\u0161laidas apmoka pirk\u0117jas.<\/li><li>Nor\u0117damas gr\u0105\u017einti prek\u0119(-es), Pirk\u0117jas gali tai padaryti per 7 (septynias) dienas nuo preki\u0173 pristatymo Pirk\u0117jui dienos, informuodamas Pardav\u0117j\u0105 el. pa\u0161tu, pridedant prek\u0117s ir\/arba siuntinio nuotraukas ar video, apra\u0161an\u010dias i\u0161kilusi\u0105 problem\u0105.<\/li><li>Gr\u0105\u017einama prek\u0117 turi b\u016bti originalioje tvarkingoje pakuot\u0117je, nesugadinta, nenaudota, tos pa\u010dios komplektacijos, kokios Pirk\u0117jas j\u0105 gavo, nepraradusi prekin\u0117s i\u0161vaizdos (nepa\u017eeistos etiket\u0117s, nenupl\u0117\u0161tos apsaugin\u0117s pl\u0117vel\u0117s ir kt.). Gr\u0105\u017einant prek\u0119 b\u016btina pateikti popierin\u012f (atspausdint\u0105) jos \u012fsigijimo dokument\u0105 (u\u017esakymo, pavedimo kopija).<\/li><li>Pirk\u0117jas pristatymo metu pasteb\u0117j\u0119s pakuot\u0117s pa\u017eeidimus privalo kurjerio pateikiamame siuntos pristatymo dokumente nurodyti pastabas arba sura\u0161yti atskir\u0105 akt\u0105 d\u0117l \u0161i\u0173 pa\u017eeidim\u0173. Tai Pirk\u0117jas privalo padaryti dalyvaujant kurjeriui. Neatlikus toki\u0173 veiksm\u0173 Pardav\u0117jas yra atleid\u017eiamas nuo atsakomyb\u0117s prie\u0161 Pirk\u0117j\u0105 d\u0117l preki\u0173 pa\u017eeidim\u0173, susijusi\u0173 su pakuot\u0117s pa\u017eeidimais, kuri\u0173 Pirk\u0117jas nepa\u017eym\u0117jo kurjerio prek\u0117s pristatymo dokumente.<\/li><li>Gr\u0105\u017einant kokybi\u0161k\u0105 prek\u0119, Pirk\u0117jui gr\u0105\u017einama tik u\u017e prek\u0119 sumok\u0117ta pinig\u0173 suma. Siuntimo i\u0161laidos pirk\u0117jui n\u0117ra gr\u0105\u017einamos.<\/li><li>Gr\u0105\u017einant gaut\u0105 ne t\u0105 prek\u0119, Pardav\u0117jas \u012fsipareigoja pakeisti toki\u0105 prek\u0119 reikalinga preke. Neturint reikalingos prek\u0117s, Pirk\u0117jui gr\u0105\u017einami visi pinigai (u\u017e prek\u0119, ir patirtas faktines siuntimo i\u0161laidas).<\/li><li>Kai gr\u0105\u017einama nekokybi\u0161ka prek\u0117, Pardav\u0117jas \u012fsipareigoja pakeisti nekokybi\u0161k\u0105 prek\u0119 analogi\u0161ka preke arba gr\u0105\u017einti Pirk\u0117jui pinigus.<\/li><li>Nor\u0117damas gr\u0105\u017einti nekokybi\u0161k\u0105 prek\u0119(-es), Pirk\u0117jas gali tai padaryti per 14 (keturiolika) dien\u0173 nuo preki\u0173 pristatymo Pirk\u0117jui dienos, informuodamas Pardav\u0117j\u0105 el. pa\u0161tu, pridedant nekokybi\u0161kos prek\u0117s ir\/arba siuntinio nuotraukas ar video, apra\u0161an\u010dias i\u0161kilusi\u0105 problem\u0105.<\/li><li>Gr\u0105\u017einama nekokybi\u0161ka prek\u0117 turi b\u016bti originalioje tvarkingoje pakuot\u0117je, nesugadinta, nenaudota, tos pa\u010dios komplektacijos, kokios Pirk\u0117jas j\u0105 gavo, nepraradusi prekin\u0117s i\u0161vaizdos (nepa\u017eeistos etiket\u0117s, nenupl\u0117\u0161tos apsaugin\u0117s pl\u0117vel\u0117s ir kt.). Gr\u0105\u017einant prek\u0119 b\u016btina pateikti popierin\u012f (atspausdint\u0105) jos \u012fsigijimo dokument\u0105.<\/li><li>Pardav\u0117jas turi teis\u0119 nepriimti Pirk\u0117jo gr\u0105\u017einam\u0173 preki\u0173, jei Pirk\u0117jas nesilaiko \u0161i\u0173 Taisykli\u0173 1.4-1.5,1.9-1.10 punktuose nustatytos preki\u0173 gr\u0105\u017einimo tvarkos.<\/li><li>Jeigu u\u017e prek\u0119 Pirk\u0117jas mok\u0117jo dovan\u0173 kuponu, tai gr\u0105\u017einamas kuponas ir kita papildomai sumok\u0117ta suma (jei ji buvo sumok\u0117ta).<\/li><li>Jeigu Pirk\u0117jas gr\u0105\u017eina prek\u0119, pirkt\u0105 su nuolaida, gr\u0105\u017einama u\u017e prek\u0119 sumok\u0117ta suma su galiojusia nuolaida.<\/li><li>Pabr\u0117\u017eiame, kad vadovaujantis 2001m. bir\u017eelio 29d. Lietuvos Respublikos \u016akio ministro \u012fsakymu Nr. 217 &#8222;D\u0117l daikt\u0173 gr\u0105\u017einimo ir keitimo taisykli\u0173 patvirtinimo&#8221;, kad nekei\u010diamos ir negr\u0105\u017einamos yra \u0161ios kokybi\u0161kos prek\u0117s:<ul><li>baldai, patalyn\u0117s reikmenys, \u0161viestuvai;<\/li><li>k\u016bdiki\u0173 drabu\u017e\u0117liai;<\/li><li>\u017eaislai, \u017eaidimai.<\/li><\/ul><\/li><\/ol><p><strong>Baigiamosios nuostatos<\/strong><\/p><ol><li>Otvaikai.lt turi teis\u0119 visi\u0161kai arba i\u0161 dalies perduoti bet kokias sutartis sudarytas su jumis ar paslaug\u0173 teik\u0117jais, siekiant u\u017etikrinti kokybi\u0161k\u0105 paslaug\u0173 ir preki\u0173 tiekim\u0105.<\/li><li>\u0160ios S\u0105lygos gali b\u016bti viena\u0161ali\u0161kai otvaikai kei\u010diamos ar atnaujinamos i\u0161 anksto jums neprane\u0161us. Tod\u0117l kiekvien\u0105 kart\u0105, kai u\u017esisakote paslaugas ar perkate prekes, turite susipa\u017einti su \u0161iomis S\u0105lygomis.<\/li><li>Gin\u010d\u0173 sprendimui kylantiems tarp j\u016bs\u0173 ir otvaikai.lt yra taikoma Lietuvos Respublikos teis\u0117 ir jurisdikcija.<\/li><\/ol>\t\t\t\t\t\t\t\t<\/div>\n\t\t\t\t<\/div>\n\t\t\t\t\t<\/div>\n\t\t\t\t<\/div>\n\t\t<div class=\"elementor-element elementor-element-a52076b e-flex e-con-boxed e-con e-parent\" data-id=\"a52076b\" data-element_type=\"container\" data-settings=\"{&quot;_ha_eqh_enable&quot;:false}\">\n\t\t\t\t\t<div class=\"e-con-inner\">\n\t\t\t\t\t<\/div>\n\t\t\t\t<\/div>\n\t\t\t\t<\/div>","protected":false},"excerpt":{"rendered":"<p>pirkimo ir gr\u0105\u017einimo taisykl\u0117s Pirkimo ir pristatymo taisykl\u0117s Apmok\u0117jimas Visos preki\u0173 kainos elektronin\u0117je parduotuv\u0117je nurodytos eurais, \u012fskaitant PVM. Pirk\u0117jas \u012fsipareigoja apmok\u0117ti u\u017esakym\u0105 per 3 (tris) kalendorines dienas nuo u\u017esakymo patvirtinimo dienos. Siuntinys pradedamas ruo\u0161ti tik gavus apmok\u0117jim\u0105 u\u017e prekes. Pirk\u0117jui ne\u012fvykd\u017eius mok\u0117jimo per 3 (tris) kalendorines dienas, u\u017esakymas anuliuojamas. Preki\u0173 pristatymas Preki\u0173 pristatymas atliekamas siun\u010diant [&hellip;]<\/p>","protected":false},"author":1,"featured_media":0,"parent":0,"menu_order":0,"comment_status":"closed","ping_status":"closed","template":"","meta":{"site-sidebar-layout":"no-sidebar","site-content-layout":"","ast-site-content-layout":"full-width-container","site-content-style":"default","site-sidebar-style":"default","ast-global-header-display":"","ast-banner-title-visibility":"","ast-main-header-display":"","ast-hfb-above-header-display":"","ast-hfb-below-header-display":"","ast-hfb-mobile-header-display":"","site-post-title":"disabled","ast-breadcrumbs-content":"","ast-featured-img":"disabled","footer-sml-layout":"","theme-transparent-header-meta":"","adv-header-id-meta":"","stick-header-meta":"","header-above-stick-meta":"","header-main-stick-meta":"","header-below-stick-meta":"","astra-migrate-meta-layouts":"default","ast-page-background-enabled":"default","ast-page-background-meta":{"desktop":{"background-color":"var(--ast-global-color-4)","background-image":"","background-repeat":"repeat","background-position":"center center","background-size":"auto","background-attachment":"scroll","background-type":"","background-media":"","overlay-type":"","overlay-color":"","overlay-opacity":"","overlay-gradient":""},"tablet":{"background-color":"","background-image":"","background-repeat":"repeat","background-position":"center center","background-size":"auto","background-attachment":"scroll","background-type":"","background-media":"","overlay-type":"","overlay-color":"","overlay-opacity":"","overlay-gradient":""},"mobile":{"background-color":"","background-image":"","background-repeat":"repeat","background-position":"center center","background-size":"auto","background-attachment":"scroll","background-type":"","background-media":"","overlay-type":"","overlay-color":"","overlay-opacity":"","overlay-gradient":""}},"ast-content-background-meta":{"desktop":{"background-color":"var(--ast-global-color-5)","background-image":"","background-repeat":"repeat","background-position":"center center","background-size":"auto","background-attachment":"scroll","background-type":"","background-media":"","overlay-type":"","overlay-color":"","overlay-opacity":"","overlay-gradient":""},"tablet":{"background-color":"var(--ast-global-color-5)","background-image":"","background-repeat":"repeat","background-position":"center center","background-size":"auto","background-attachment":"scroll","background-type":"","background-media":"","overlay-type":"","overlay-color":"","overlay-opacity":"","overlay-gradient":""},"mobile":{"background-color":"var(--ast-global-color-5)","background-image":"","background-repeat":"repeat","background-position":"center center","background-size":"auto","background-attachment":"scroll","background-type":"","background-media":"","overlay-type":"","overlay-color":"","overlay-opacity":"","overlay-gradient":""}},"footnotes":""},"class_list":["post-393","page","type-page","status-publish","hentry"],"aioseo_notices":[],"_links":{"self":[{"href":"https:\/\/otvaikai.lt\/en\/wp-json\/wp\/v2\/pages\/393","targetHints":{"allow":["GET"]}}],"collection":[{"href":"https:\/\/otvaikai.lt\/en\/wp-json\/wp\/v2\/pages"}],"about":[{"href":"https:\/\/otvaikai.lt\/en\/wp-json\/wp\/v2\/types\/page"}],"author":[{"embeddable":true,"href":"https:\/\/otvaikai.lt\/en\/wp-json\/wp\/v2\/users\/1"}],"replies":[{"embeddable":true,"href":"https:\/\/otvaikai.lt\/en\/wp-json\/wp\/v2\/comments?post=393"}],"version-history":[{"count":23,"href":"https:\/\/otvaikai.lt\/en\/wp-json\/wp\/v2\/pages\/393\/revisions"}],"predecessor-version":[{"id":618,"href":"https:\/\/otvaikai.lt\/en\/wp-json\/wp\/v2\/pages\/393\/revisions\/618"}],"wp:attachment":[{"href":"https:\/\/otvaikai.lt\/en\/wp-json\/wp\/v2\/media?parent=393"}],"curies":[{"name":"wp","href":"https:\/\/api.w.org\/{rel}","templated":true}]}}