{"id":611,"date":"2023-11-10T14:12:56","date_gmt":"2023-11-10T14:12:56","guid":{"rendered":"https:\/\/otvaikai.lt\/?page_id=611"},"modified":"2024-02-02T09:03:05","modified_gmt":"2024-02-02T09:03:05","slug":"privatumo-politika-2","status":"publish","type":"page","link":"https:\/\/otvaikai.lt\/en\/privatumo-politika-2\/","title":{"rendered":"Privatumo politika"},"content":{"rendered":"<div data-elementor-type=\"wp-page\" data-elementor-id=\"611\" class=\"elementor elementor-611\" data-elementor-settings=\"{&quot;ha_cmc_init_switcher&quot;:&quot;no&quot;}\" data-elementor-post-type=\"page\">\n\t\t\t\t<div class=\"elementor-element elementor-element-7ca9c46 e-flex e-con-boxed e-con e-parent\" data-id=\"7ca9c46\" data-element_type=\"container\" data-settings=\"{&quot;_ha_eqh_enable&quot;:false}\">\n\t\t\t\t\t<div class=\"e-con-inner\">\n\t\t\t\t<div class=\"elementor-element elementor-element-9535e57 elementor-widget elementor-widget-heading\" data-id=\"9535e57\" data-element_type=\"widget\" data-widget_type=\"heading.default\">\n\t\t\t\t<div class=\"elementor-widget-container\">\n\t\t\t\t\t<h1 class=\"elementor-heading-title elementor-size-default\">Privatumo politika<\/h1>\t\t\t\t<\/div>\n\t\t\t\t<\/div>\n\t\t\t\t<div class=\"elementor-element elementor-element-184eb94 elementor-widget elementor-widget-text-editor\" data-id=\"184eb94\" data-element_type=\"widget\" data-widget_type=\"text-editor.default\">\n\t\t\t\t<div class=\"elementor-widget-container\">\n\t\t\t\t\t\t\t\t\t<p><\/p><p>Pardav\u0117jas gerbia savo Lankytoj\u0173 ir Pirk\u0117j\u0173 privatum\u0105, tod\u0117l garantuojame, kad \u0161ioje internetin\u0117je parduotuv\u0117je J\u016bs\u0173 pateikta informacija naudojama ir laikoma saugiai. Ta\u010diau, prie\u0161 u\u017esakant prekes perskaitykite \u0161ias taisykles, i\u0161vengti nesusipratim\u0173.<\/p><p><\/p><p><\/p><p><strong>Renkama informacija<\/strong><\/p><p><\/p><p><\/p><p>Tokia informacija kaip J\u016bs\u0173 vardas, pavard\u0117, adresas, elektroninis pa\u0161to adresas, telefono numeris, reikalinga tam, kad gal\u0117tume patvirtinti J\u016bs\u0173 u\u017esakym\u0105 ir laiku pristatyti tinkamu adresu.<\/p><p><\/p><p><\/p><p>Mes nesudarin\u0117jame joki\u0173 klient\u0173 s\u0105ra\u0161\u0173, neperduodame j\u0173 tretiesiems asmenims, kurie nesusij\u0119 su J\u016bs\u0173 u\u017esakymu. Surinkta J\u016bs\u0173 asmenin\u0117 informacija lieka pas mus. \u0160i\u0105 informacij\u0105 naudojame siekdami teikti paslaugas, jas palaikyti \u2013 preki\u0173 pristatymas, susisiekimas d\u0117l u\u017esakym\u0173, kit\u0173 i\u0161kilusi\u0173 klausim\u0173, pristatant naujienlai\u0161k\u012f, i\u0161ra\u0161ant PVM s\u0105skait\u0105-fakt\u016br\u0105, paslaug\u0173 teik\u0117jo klient\u0173 aptarnavimo kokyb\u0117s gerinimas ir kontrol\u0117, sklandaus Interneto svetain\u0117s veikimo u\u017etikrinimas, lankytoj\u0173 sraut\u0173 nustatymas, analizavimas siekiant pateikti pritaikyt\u0105 turin\u012f, etc.<\/p><p><\/p><p><\/p><p>Duomenys renkami neb\u016btin\u0173 slapuk\u0173 ir pana\u0161i\u0173 technologij\u0173 pagalba. Duomenys saugomi sesijos metu arba ilgiausiai kelet\u0105 met\u0173 (priklausomai nuo naudojamo slapuko). Turite teis\u0119 prie\u0161tarauti tokiam duomen\u0173 tvarkymui ir anonimi\u0161kai lankyti m\u016bs\u0173 Interneto svetain\u0119.<\/p><p><\/p><p><\/p><p>Interneto svetain\u0117je teikiamos paslaugos skirtos tik vyresniems nei 14 met\u0173 asmenims. Jei tur\u0117sime pagr\u012fst\u0173 abejoni\u0173, kad tvarkome duomenis asmen\u0173, kurie yra jaunesnio am\u017eiaus nei nurodyta \u0161ioje dalyje, mes pa\u0161alinsime \u0161i\u0173 asmen\u0173 duomenis i\u0161 savo duomen\u0173 bazi\u0173.<\/p><p><\/p><p><\/p><p>Visa asmenin\u0117 J\u016bs\u0173-Pirk\u0117jo informacija tvarkoma remiantis galiojan\u010diais \u012fstatymais ir teis\u0117s aktais. Be J\u016bs\u0173 sutikimo J\u016bs\u0173 asmeniniai duomenys n\u0117ra naudojami kitais nei i\u0161vardintais tikslais, nebent to reikalaus galiojantys \u012fstatymai ar teis\u0117s aktai.<\/p><p><\/p><p><\/p><p>Pirk\u0117jas pateikdamas mums savo asmeninius duomenis sutinka, kad mes galime rinkti, naudoti ir atskleisti asmens duomenis auk\u0161\u010diau i\u0161vardytais tikslais.<\/p><p><\/p><p><\/p><p><strong>Duomen\u0173 apsauga<\/strong><\/p><p><\/p><p><\/p><p>Patvirtiname, kad J\u016bs\u0173 pateikti asmeniniai duomenys yra saug\u016bs ir stengiam\u0117s apsaugoti informacij\u0105 nuo neteis\u0117tos prieigos, neteis\u0117to jos pakeitimo, atskleidimo ar sunaikinimo. Tur\u0117kite omenyje, kad duomen\u0173 perdavimas internetu i\u0161 esm\u0117s yra nesaugus, ir mes negalime garantuoti visi\u0161kai saugaus duomen\u0173 perdavimo naudojantis m\u016bs\u0173 Interneto svetaine. Patvirtiname, kad imam\u0117s atitinkam\u0173 fizini\u0173, elektronini\u0173 ir valdymo priemoni\u0173 apsaugoti renkamai informacijai.<\/p><p><\/p><p><\/p><p><strong>Pirk\u0117jo<\/strong><strong> teis\u0117s<\/strong><\/p><p><\/p><p><\/p><p>Kiekvienas duomen\u0173 subjektas, kurio duomenys tvarkomi \u012fmon\u0117s veikloje, priklausomai nuo aplinkybi\u0173, turi \u0161ias teises: \u017einoti (b\u016bti informuotas) apie savo duomen\u0173 tvarkym\u0105; susipa\u017einti su savo duomenimis ir kaip jie yra tvarkomi; reikalauti i\u0161taisyti arba, atsi\u017evelgiant \u012f asmens duomen\u0173 tvarkymo tikslus, papildyti nei\u0161samius asmens duomenis; savo duomenis sunaikinti arba sustabdyti savo duomen\u0173 tvarkymo veiksmus (i\u0161skyrus saugojim\u0105); reikalauti, kad asmens duomen\u0173 valdytojas apribot\u0173 asmens duomen\u0173 tvarkym\u0105 esant vienai i\u0161 teis\u0117t\u0173 prie\u017eas\u010di\u0173; reikalauti perkelti mums pateiktus duomenis; bet kuriuo metu nesutikti su savo asmens duomen\u0173 tvarkymu, kai toks tvarkymas vykdomas siekiant teis\u0117t\u0173 m\u016bs\u0173 arba tre\u010diosios \u0161alies interes\u0173 bei kai asmens duomenys tvarkomi tiesiogin\u0117s rinkodaros tikslais, \u012fskaitant profiliavim\u0105; at\u0161aukti savo sutikim\u0105 tvarkyti asmens duomenis, jeigu duomenys tvarkomi sutikimo pagrindu; paduoti skund\u0105 Valstybinei duomen\u0173 apsaugos inspekcijai.<\/p><p><\/p><p><\/p><p><strong>Privatumo politikos pakeitimai<\/strong><\/p><p><\/p><p><\/p><p>Informuojame, kad turime teis\u0119 keisti \u0161i\u0105 privatumo politik\u0105. Tolimesnis naudojimasis m\u016bs\u0173 tinklapio paslaugomis rei\u0161kia \u0161i\u0173 taisykli\u0173 laikym\u0105si. Visi i\u0161kil\u0119 nesutarimai ir gin\u010dai sprend\u017eiami deryb\u0173 b\u016bdu. Nepavykus susitarti, gin\u010dai sprend\u017eiami pagal LR \u012fstatymus.<\/p><p><\/p><p><\/p><p><strong>Atsakomyb\u0117<\/strong><\/p><p><\/p><p><\/p><p>Pirk\u0117jas yra atsakingas u\u017e savo slapta\u017eod\u017eio ir vartotojo duomen\u0173 konfidencialum\u0105 ir u\u017e bet kuriuos veiksmus, kurie m\u016bs\u0173 Interneto svetain\u0117je atliekami prisijungus naudojant J\u016bs\u0173 prisijungimo duomenis. Jei m\u016bs\u0173 Interneto svetain\u0117je teikiamomis paslaugomis naudojasi tre\u010diasis asmuo, prisijung\u0119s naudodamasis J\u016bs\u0173 prisijungimo duomenimis, mes laikome, kad prisijung\u0117te J\u016bs.<br \/>Esate atsakingas, kad J\u016bs\u0173 mums pateikti duomenys b\u016bt\u0173 tiksl\u016bs, teisingi ir i\u0161sam\u016bs.<\/p><p><\/p><p><\/p><p><br \/>Pardav\u0117jas atleid\u017eiamas nuo bet kokios atsakomyb\u0117s tais atvejais, kai nuostoliai kyla d\u0117l to, jog Pirk\u0117jas, neatsi\u017evelgdamas \u012f Pardav\u0117jo rekomendacijas ir savo \u012fsipareigojimus, nesusipa\u017eino su \u0161iomis Taisykl\u0117mis, nors tokia galimyb\u0117 jam buvo suteikta.<\/p><p><\/p><p><\/p><p>Jei Pardav\u0117jo Internetin\u0117je\u00a0 parduotuv\u0117je yra nuorodos \u012f kit\u0173 \u012fmoni\u0173, \u012fstaig\u0173, organizacij\u0173 ar asmen\u0173 tinklapius, Pardav\u0117jas n\u0117ra atsakingas u\u017e ten esan\u010di\u0105 informacij\u0105 ar vykdom\u0105 veikl\u0105, t\u0173 tinklapi\u0173 nepri\u017ei\u016bri, nekontroliuoja ir toms \u012fmon\u0117ms bei asmenims neatstovauja.<\/p><p><\/p><p><\/p><p>Atsiradus \u017ealai, kaltoji \u0161alis atlygina kitai \u0161aliai tiesioginius nuostolius.<\/p><p><\/p><p><\/p><h4 class=\"wp-block-heading\">Nepaprastosios (force majeure) aplinkyb\u0117s<\/h4><p><\/p><p><\/p><p>Abi \u0161alys neatsako u\u017e visi\u0161k\u0105 ar dalin\u012f savo \u012fsipareigojim\u0173 pagal \u0161i\u0173 Taisykli\u0173 nevykdym\u0105, jei tai \u012fvyksta d\u0117l nenugalimos j\u0117gos aplinkybi\u0173. \u0160alys nenugalimos j\u0117gos aplinkybes supranta taip, kaip numato Lietuvos Respublikos civilinis kodeksas.<\/p><p><\/p><p><\/p><p><strong>Pardav\u0117jo taikomos rinkodaros priemon\u0117s<\/strong><\/p><p><\/p><p><\/p><p>Pardav\u0117jas savo nuo\u017ei\u016bra gali inicijuoti \u012fvairias akcijas internetin\u0117je svetain\u0117je (parduotuv\u0117je).<\/p><p><\/p><p><\/p><p>Pardav\u0117jas turi teis\u0119 viena\u0161ali\u0161kai, be atskiro \u012fsp\u0117jimo, keisti akcij\u0173 s\u0105lygas, jas panaikinti.<\/p><p><\/p>\t\t\t\t\t\t\t\t<\/div>\n\t\t\t\t<\/div>\n\t\t\t\t\t<\/div>\n\t\t\t\t<\/div>\n\t\t<div class=\"elementor-element elementor-element-a52076b e-flex e-con-boxed e-con e-parent\" data-id=\"a52076b\" data-element_type=\"container\" data-settings=\"{&quot;_ha_eqh_enable&quot;:false}\">\n\t\t\t\t\t<div class=\"e-con-inner\">\n\t\t\t\t\t<\/div>\n\t\t\t\t<\/div>\t\t<\/div>","protected":false},"excerpt":{"rendered":"<p>Privatumo politika Pardav\u0117jas gerbia savo Lankytoj\u0173 ir Pirk\u0117j\u0173 privatum\u0105, tod\u0117l garantuojame, kad \u0161ioje internetin\u0117je parduotuv\u0117je J\u016bs\u0173 pateikta informacija naudojama ir laikoma saugiai. Ta\u010diau, prie\u0161 u\u017esakant prekes perskaitykite \u0161ias taisykles, i\u0161vengti nesusipratim\u0173. Renkama informacija Tokia informacija kaip J\u016bs\u0173 vardas, pavard\u0117, adresas, elektroninis pa\u0161to adresas, telefono numeris, reikalinga tam, kad gal\u0117tume patvirtinti J\u016bs\u0173 u\u017esakym\u0105 ir laiku pristatyti [&hellip;]<\/p>","protected":false},"author":1,"featured_media":0,"parent":0,"menu_order":0,"comment_status":"closed","ping_status":"closed","template":"","meta":{"site-sidebar-layout":"no-sidebar","site-content-layout":"","ast-site-content-layout":"full-width-container","site-content-style":"default","site-sidebar-style":"default","ast-global-header-display":"","ast-banner-title-visibility":"","ast-main-header-display":"","ast-hfb-above-header-display":"","ast-hfb-below-header-display":"","ast-hfb-mobile-header-display":"","site-post-title":"disabled","ast-breadcrumbs-content":"","ast-featured-img":"disabled","footer-sml-layout":"","theme-transparent-header-meta":"","adv-header-id-meta":"","stick-header-meta":"","header-above-stick-meta":"","header-main-stick-meta":"","header-below-stick-meta":"","astra-migrate-meta-layouts":"default","ast-page-background-enabled":"default","ast-page-background-meta":{"desktop":{"background-color":"var(--ast-global-color-4)","background-image":"","background-repeat":"repeat","background-position":"center center","background-size":"auto","background-attachment":"scroll","background-type":"","background-media":"","overlay-type":"","overlay-color":"","overlay-opacity":"","overlay-gradient":""},"tablet":{"background-color":"","background-image":"","background-repeat":"repeat","background-position":"center center","background-size":"auto","background-attachment":"scroll","background-type":"","background-media":"","overlay-type":"","overlay-color":"","overlay-opacity":"","overlay-gradient":""},"mobile":{"background-color":"","background-image":"","background-repeat":"repeat","background-position":"center center","background-size":"auto","background-attachment":"scroll","background-type":"","background-media":"","overlay-type":"","overlay-color":"","overlay-opacity":"","overlay-gradient":""}},"ast-content-background-meta":{"desktop":{"background-color":"var(--ast-global-color-5)","background-image":"","background-repeat":"repeat","background-position":"center center","background-size":"auto","background-attachment":"scroll","background-type":"","background-media":"","overlay-type":"","overlay-color":"","overlay-opacity":"","overlay-gradient":""},"tablet":{"background-color":"var(--ast-global-color-5)","background-image":"","background-repeat":"repeat","background-position":"center center","background-size":"auto","background-attachment":"scroll","background-type":"","background-media":"","overlay-type":"","overlay-color":"","overlay-opacity":"","overlay-gradient":""},"mobile":{"background-color":"var(--ast-global-color-5)","background-image":"","background-repeat":"repeat","background-position":"center center","background-size":"auto","background-attachment":"scroll","background-type":"","background-media":"","overlay-type":"","overlay-color":"","overlay-opacity":"","overlay-gradient":""}},"footnotes":""},"class_list":["post-611","page","type-page","status-publish","hentry"],"aioseo_notices":[],"_links":{"self":[{"href":"https:\/\/otvaikai.lt\/en\/wp-json\/wp\/v2\/pages\/611","targetHints":{"allow":["GET"]}}],"collection":[{"href":"https:\/\/otvaikai.lt\/en\/wp-json\/wp\/v2\/pages"}],"about":[{"href":"https:\/\/otvaikai.lt\/en\/wp-json\/wp\/v2\/types\/page"}],"author":[{"embeddable":true,"href":"https:\/\/otvaikai.lt\/en\/wp-json\/wp\/v2\/users\/1"}],"replies":[{"embeddable":true,"href":"https:\/\/otvaikai.lt\/en\/wp-json\/wp\/v2\/comments?post=611"}],"version-history":[{"count":7,"href":"https:\/\/otvaikai.lt\/en\/wp-json\/wp\/v2\/pages\/611\/revisions"}],"predecessor-version":[{"id":621,"href":"https:\/\/otvaikai.lt\/en\/wp-json\/wp\/v2\/pages\/611\/revisions\/621"}],"wp:attachment":[{"href":"https:\/\/otvaikai.lt\/en\/wp-json\/wp\/v2\/media?parent=611"}],"curies":[{"name":"wp","href":"https:\/\/api.w.org\/{rel}","templated":true}]}}