{"id":625,"date":"2023-11-10T14:18:06","date_gmt":"2023-11-10T14:18:06","guid":{"rendered":"https:\/\/otvaikai.lt\/?post_type=product&#038;p=625"},"modified":"2024-03-17T20:45:20","modified_gmt":"2024-03-17T20:45:20","slug":"pavadinimas","status":"publish","type":"product","link":"https:\/\/otvaikai.lt\/en\/product\/pavadinimas\/","title":{"rendered":"Magnetinis vaiko \u012fpro\u010di\u0173 kalendorius"},"content":{"rendered":"<p>Vaiko \u012fpro\u010di\u0173 kalendorius yra sukurtas taip, kad pad\u0117t\u0173 formuoti vaiko kasdienius \u012fpro\u010dius bei dienas praturtint\u0173 vaiko raidai nauding\u0173 veikl\u0173 \u012fvairove. \u0160is interaktyvus kalendorius skirtas vaikams nuo 3 met\u0173 am\u017eiaus.<\/p>\n<ul>\n<li>Savaranki\u0161kumas \u2013 vaikai turi galimyb\u0119 patys susid\u0117lioti savo dienos veikl\u0173 plan\u0105! Platus veikl\u0173 pasirinkimas padeda gerinti planavimo \u012fg\u016bd\u017eius.<\/li>\n<li>Lavinan\u010dios veiklos \u2013 ergoterapeut\u0117s rekomenduojamos veiklos, skirtos formuoti savaranki\u0161kumo bei higienos \u012fpro\u010dius, lavinti smulki\u0105j\u0105 motorik\u0105 bei pa\u017eintines funkcijas.<\/li>\n<\/ul>\n<p><strong><em>Savyb\u0117s<\/em><\/strong><\/p>\n<p><em>Patrauklus dizainas<\/em> \u2013 ryto ir vakaro \u012fpro\u010di\u0173 kalendoriai pagaminti i\u0161 magnetin\u0117s med\u017eiagos. Kalendoriuk\u0105 galima pritvirtinti prie magnet\u0117s lentos, \u0161aldytuvo ar kit\u0173 metalini\u0173 pavir\u0161i\u0173.<\/p>\n<p><em>Interaktyvumas<\/em> \u2013 veikl\u0173 \u012fvairov\u0117 ir j\u0173 tvirtinimas d\u0117liojant savo ryto ir vakaro veiklas, vaikus labai \u012ftraukia ir skatina j\u0173 k\u016brybi\u0161kum\u0105.<\/p>\n<p><em>Gamybos kokyb\u0117<\/em> \u2013 kalendoriai pagaminti i\u0161 auk\u0161tos kokyb\u0117s med\u017eiag\u0173, kurios u\u017etikrina prek\u0117s patvarum\u0105 ir ilg\u0105 naudojimo termin\u0105<\/p>\n<p><strong><em>Prek\u0119 sudaro:<\/em><\/strong><\/p>\n<p>o Magnetinis lapas<\/p>\n<p>o 27 magnetin\u0117s veikl\u0173 kortel\u0117s<\/p>\n<p>o Magnetin\u0117s ryto ir vakaro kortel\u0117s<\/p>\n<p>o 8 \u017eali magnetukai, atliktom veiklom pa\u017eym\u0117ti<\/p>","protected":false},"excerpt":{"rendered":"<p>Vaiko \u012fpro\u010di\u0173 kalendorius yra sukurtas taip, kad pad\u0117t\u0173 formuoti vaiko kasdienius \u012fpro\u010dius bei dienas praturtint\u0173 vaiko raidai nauding\u0173 veikl\u0173 \u012fvairove. \u0160is interaktyvus kalendorius skirtas vaikams nuo 3 met\u0173 am\u017eiaus. Savaranki\u0161kumas \u2013 vaikai turi galimyb\u0119 patys susid\u0117lioti savo dienos veikl\u0173 plan\u0105! Platus veikl\u0173 pasirinkimas padeda gerinti planavimo \u012fg\u016bd\u017eius. Lavinan\u010dios veiklos \u2013 ergoterapeut\u0117s rekomenduojamos veiklos, skirtos formuoti [&hellip;]<\/p>","protected":false},"featured_media":626,"template":"","meta":{"site-sidebar-layout":"default","site-content-layout":"","ast-site-content-layout":"default","site-content-style":"default","site-sidebar-style":"default","ast-global-header-display":"","ast-banner-title-visibility":"","ast-main-header-display":"","ast-hfb-above-header-display":"","ast-hfb-below-header-display":"","ast-hfb-mobile-header-display":"","site-post-title":"","ast-breadcrumbs-content":"","ast-featured-img":"","footer-sml-layout":"","theme-transparent-header-meta":"default","adv-header-id-meta":"","stick-header-meta":"","header-above-stick-meta":"","header-main-stick-meta":"","header-below-stick-meta":"","astra-migrate-meta-layouts":"set","ast-page-background-enabled":"default","ast-page-background-meta":{"desktop":{"background-color":"var(--ast-global-color-4)","background-image":"","background-repeat":"repeat","background-position":"center center","background-size":"auto","background-attachment":"scroll","background-type":"","background-media":"","overlay-type":"","overlay-color":"","overlay-opacity":"","overlay-gradient":""},"tablet":{"background-color":"","background-image":"","background-repeat":"repeat","background-position":"center center","background-size":"auto","background-attachment":"scroll","background-type":"","background-media":"","overlay-type":"","overlay-color":"","overlay-opacity":"","overlay-gradient":""},"mobile":{"background-color":"","background-image":"","background-repeat":"repeat","background-position":"center center","background-size":"auto","background-attachment":"scroll","background-type":"","background-media":"","overlay-type":"","overlay-color":"","overlay-opacity":"","overlay-gradient":""}},"ast-content-background-meta":{"desktop":{"background-color":"var(--ast-global-color-5)","background-image":"","background-repeat":"repeat","background-position":"center center","background-size":"auto","background-attachment":"scroll","background-type":"","background-media":"","overlay-type":"","overlay-color":"","overlay-opacity":"","overlay-gradient":""},"tablet":{"background-color":"var(--ast-global-color-5)","background-image":"","background-repeat":"repeat","background-position":"center center","background-size":"auto","background-attachment":"scroll","background-type":"","background-media":"","overlay-type":"","overlay-color":"","overlay-opacity":"","overlay-gradient":""},"mobile":{"background-color":"var(--ast-global-color-5)","background-image":"","background-repeat":"repeat","background-position":"center center","background-size":"auto","background-attachment":"scroll","background-type":"","background-media":"","overlay-type":"","overlay-color":"","overlay-opacity":"","overlay-gradient":""}}},"product_brand":[],"product_cat":[15],"product_tag":[],"class_list":{"0":"post-625","1":"product","2":"type-product","3":"status-publish","4":"has-post-thumbnail","6":"product_cat-uncategorized","7":"desktop-align-left","8":"tablet-align-left","9":"mobile-align-left","11":"first","12":"instock","13":"sale","14":"shipping-taxable","15":"purchasable","16":"product-type-simple"},"aioseo_notices":[],"_links":{"self":[{"href":"https:\/\/otvaikai.lt\/en\/wp-json\/wp\/v2\/product\/625","targetHints":{"allow":["GET"]}}],"collection":[{"href":"https:\/\/otvaikai.lt\/en\/wp-json\/wp\/v2\/product"}],"about":[{"href":"https:\/\/otvaikai.lt\/en\/wp-json\/wp\/v2\/types\/product"}],"wp:featuredmedia":[{"embeddable":true,"href":"https:\/\/otvaikai.lt\/en\/wp-json\/wp\/v2\/media\/626"}],"wp:attachment":[{"href":"https:\/\/otvaikai.lt\/en\/wp-json\/wp\/v2\/media?parent=625"}],"wp:term":[{"taxonomy":"product_brand","embeddable":true,"href":"https:\/\/otvaikai.lt\/en\/wp-json\/wp\/v2\/product_brand?post=625"},{"taxonomy":"product_cat","embeddable":true,"href":"https:\/\/otvaikai.lt\/en\/wp-json\/wp\/v2\/product_cat?post=625"},{"taxonomy":"product_tag","embeddable":true,"href":"https:\/\/otvaikai.lt\/en\/wp-json\/wp\/v2\/product_tag?post=625"}],"curies":[{"name":"wp","href":"https:\/\/api.w.org\/{rel}","templated":true}]}}