{"id":904,"date":"2024-03-17T19:56:02","date_gmt":"2024-03-17T19:56:02","guid":{"rendered":"https:\/\/otvaikai.lt\/?post_type=product&#038;p=904"},"modified":"2026-03-05T13:19:03","modified_gmt":"2026-03-05T13:19:03","slug":"vizualinis-laikmatis","status":"publish","type":"product","link":"https:\/\/otvaikai.lt\/en\/product\/vizualinis-laikmatis\/","title":{"rendered":"Vizualinis laikmatis"},"content":{"rendered":"<p>&nbsp;<\/p>\n<div class=\"flex flex-grow flex-col max-w-full\">\n<div class=\"min-h-[20px] text-message flex flex-col items-start gap-3 whitespace-pre-wrap break-words [.text-message+&amp;]:mt-5 overflow-x-auto\" data-message-author-role=\"assistant\" data-message-id=\"a5008c0e-bcba-4311-aa37-55070d9c75c8\">\n<div class=\"markdown prose w-full break-words dark:prose-invert light\">\n<p>Vizualinis laikmatis yra priemon\u0117 Nr.1 skirta ikimokyklinio, prie\u0161mokyklinio ir mokyklinio am\u017eiaus vaikams!<\/p>\n<p>Ar j\u016bs\u0173 vaikai susiduria su d\u0117mesio koncentracijos, motyvacijos i\u0161\u0161\u016bkiais mokantis nauj\u0173 \u012fg\u016bd\u017ei\u0173 ar gilinant ir tobulinant \u017einias akademiniame pasaulyje? O gal Jums kaip t\u0117veliams labai neramu d\u0117l vaiko laiko praleid\u017eiamo prie ekran\u0173? Ar da\u017enai susitarus 20 min. pasi\u017ei\u016br\u0117ti filmuk\u0105 J\u016bs\u0173 vaikas pra\u0161o dar truput\u012f ir Jums nesutikus u\u017epl\u016bsta stiprios emocijos?<\/p>\n<p>Vaikai geriausiai informacij\u0105 suvokia per reg\u0105. \u0160is vizualinis laikmatis gali pad\u0117ti vaikams per spalv\u0173 kontrast\u0105 ir skleid\u017eiam\u0105 signal\u0105 suvokti laik\u0105.<\/p>\n<p>\u0160is vizualinis laikmatis yra lengvas ir kompakti\u0161kas. Galite j\u012f naudoti: ugdymo \u012fstaigoje, namuose atliekant kasdienes nam\u0173 ruo\u0161os veiklas ar kitas u\u017eduot\u0117les, kurios reikalauja d\u0117mesio sutelkimo.<\/p>\n<\/div>\n<p><strong>Nauda:<\/strong><\/p>\n<ul>\n<li><em>Laiko valdymo \u012fg\u016bd\u017eiai. V<\/em>izualinis laikmatis padeda vaikams suprasti laiko s\u0105vok\u0105 ir vystyti b\u016btinus laiko valdymo \u012fg\u016bd\u017eius. Steb\u0117dami laiko eigos vizualizacij\u0105, vaikai mokosi efektyviai skirstyti savo laik\u0105 ir supranta skirting\u0173 veikl\u0173 trukm\u0119.<\/li>\n<li><em>Rutinos k\u016brimas. <\/em>Vizualinio laikma\u010dio naudojimas padeda kurti ir palaikyti kasdien\u0119 rutin\u0105, o tai suteikia saugumo ir stabilumo jausm\u0105, ma\u017eina nerim\u0105.<\/li>\n<li><em>D\u0117mesio sutelkimas ir produktyvumas. <\/em>Vizualinis laikmatis gali padidinti vaik\u0173 d\u0117mes\u012f ir produktyvum\u0105 vykdant u\u017eduotis. \u017dinant, kad yra nustatyta tam tikra laiko riba atlikti veikl\u0105, vaikai skiria daugiau d\u0117mesio u\u017eduo\u010diai ir efektyviau dirba, kas veda prie geresni\u0173 mokymosi rezultat\u0173 ir u\u017eduo\u010di\u0173 atlikimo.<\/li>\n<\/ul>\n<\/div>\n<\/div>\n<p>Galimi keli spalv\u0173 pasirinkimai. Jei Jums tai aktualu, susisiekite asmenine \u017einute!<\/p>\n<p>&nbsp;<\/p>","protected":false},"excerpt":{"rendered":"<p>&nbsp; Vizualinis laikmatis yra priemon\u0117 Nr.1 skirta ikimokyklinio, prie\u0161mokyklinio ir mokyklinio am\u017eiaus vaikams! Ar j\u016bs\u0173 vaikai susiduria su d\u0117mesio koncentracijos, motyvacijos i\u0161\u0161\u016bkiais mokantis nauj\u0173 \u012fg\u016bd\u017ei\u0173 ar gilinant ir tobulinant \u017einias akademiniame pasaulyje? O gal Jums kaip t\u0117veliams labai neramu d\u0117l vaiko laiko praleid\u017eiamo prie ekran\u0173? Ar da\u017enai susitarus 20 min. pasi\u017ei\u016br\u0117ti filmuk\u0105 J\u016bs\u0173 vaikas pra\u0161o [&hellip;]<\/p>","protected":false},"featured_media":905,"template":"","meta":{"site-sidebar-layout":"default","site-content-layout":"","ast-site-content-layout":"default","site-content-style":"default","site-sidebar-style":"default","ast-global-header-display":"","ast-banner-title-visibility":"","ast-main-header-display":"","ast-hfb-above-header-display":"","ast-hfb-below-header-display":"","ast-hfb-mobile-header-display":"","site-post-title":"","ast-breadcrumbs-content":"","ast-featured-img":"","footer-sml-layout":"","theme-transparent-header-meta":"default","adv-header-id-meta":"","stick-header-meta":"","header-above-stick-meta":"","header-main-stick-meta":"","header-below-stick-meta":"","astra-migrate-meta-layouts":"set","ast-page-background-enabled":"default","ast-page-background-meta":{"desktop":{"background-color":"var(--ast-global-color-4)","background-image":"","background-repeat":"repeat","background-position":"center center","background-size":"auto","background-attachment":"scroll","background-type":"","background-media":"","overlay-type":"","overlay-color":"","overlay-opacity":"","overlay-gradient":""},"tablet":{"background-color":"","background-image":"","background-repeat":"repeat","background-position":"center center","background-size":"auto","background-attachment":"scroll","background-type":"","background-media":"","overlay-type":"","overlay-color":"","overlay-opacity":"","overlay-gradient":""},"mobile":{"background-color":"","background-image":"","background-repeat":"repeat","background-position":"center center","background-size":"auto","background-attachment":"scroll","background-type":"","background-media":"","overlay-type":"","overlay-color":"","overlay-opacity":"","overlay-gradient":""}},"ast-content-background-meta":{"desktop":{"background-color":"var(--ast-global-color-5)","background-image":"","background-repeat":"repeat","background-position":"center center","background-size":"auto","background-attachment":"scroll","background-type":"","background-media":"","overlay-type":"","overlay-color":"","overlay-opacity":"","overlay-gradient":""},"tablet":{"background-color":"var(--ast-global-color-5)","background-image":"","background-repeat":"repeat","background-position":"center center","background-size":"auto","background-attachment":"scroll","background-type":"","background-media":"","overlay-type":"","overlay-color":"","overlay-opacity":"","overlay-gradient":""},"mobile":{"background-color":"var(--ast-global-color-5)","background-image":"","background-repeat":"repeat","background-position":"center center","background-size":"auto","background-attachment":"scroll","background-type":"","background-media":"","overlay-type":"","overlay-color":"","overlay-opacity":"","overlay-gradient":""}}},"product_brand":[],"product_cat":[15],"product_tag":[],"class_list":{"0":"post-904","1":"product","2":"type-product","3":"status-publish","4":"has-post-thumbnail","6":"product_cat-uncategorized","7":"desktop-align-left","8":"tablet-align-left","9":"mobile-align-left","11":"first","12":"instock","13":"sale","14":"shipping-taxable","15":"purchasable","16":"product-type-simple"},"aioseo_notices":[],"_links":{"self":[{"href":"https:\/\/otvaikai.lt\/en\/wp-json\/wp\/v2\/product\/904","targetHints":{"allow":["GET"]}}],"collection":[{"href":"https:\/\/otvaikai.lt\/en\/wp-json\/wp\/v2\/product"}],"about":[{"href":"https:\/\/otvaikai.lt\/en\/wp-json\/wp\/v2\/types\/product"}],"wp:featuredmedia":[{"embeddable":true,"href":"https:\/\/otvaikai.lt\/en\/wp-json\/wp\/v2\/media\/905"}],"wp:attachment":[{"href":"https:\/\/otvaikai.lt\/en\/wp-json\/wp\/v2\/media?parent=904"}],"wp:term":[{"taxonomy":"product_brand","embeddable":true,"href":"https:\/\/otvaikai.lt\/en\/wp-json\/wp\/v2\/product_brand?post=904"},{"taxonomy":"product_cat","embeddable":true,"href":"https:\/\/otvaikai.lt\/en\/wp-json\/wp\/v2\/product_cat?post=904"},{"taxonomy":"product_tag","embeddable":true,"href":"https:\/\/otvaikai.lt\/en\/wp-json\/wp\/v2\/product_tag?post=904"}],"curies":[{"name":"wp","href":"https:\/\/api.w.org\/{rel}","templated":true}]}}