{"id":956,"date":"2025-05-19T10:50:52","date_gmt":"2025-05-19T10:50:52","guid":{"rendered":"https:\/\/otvaikai.lt\/?post_type=product&#038;p=956"},"modified":"2026-03-05T13:09:42","modified_gmt":"2026-03-05T13:09:42","slug":"ergoterapine-mase","status":"publish","type":"product","link":"https:\/\/otvaikai.lt\/en\/product\/ergoterapine-mase\/","title":{"rendered":"Ergoterapin\u0117 mas\u0117"},"content":{"rendered":"<p>Qmed ergoterapin\u0117 mas\u0117 \u2013 tai profesionali priemon\u0117, skirta vaik\u0173 smulkiosios motorikos lavinimui, rank\u0173 ir pir\u0161t\u0173 raumen\u0173 stiprinimui. Mas\u0117 pasi\u017eymi malonia tekst\u016bra, yra elastinga, bekvap\u0117, ned\u017ei\u016bsta ir netepa rank\u0173. Spalvos nurodo skirting\u0105 pasiprie\u0161inimo lyg\u012f:<\/p>\n<p>Geltona \u2013 lengvo pasiprie\u0161inimo<br \/>\nRaudona \u2013 vidutinio pasiprie\u0161inimo<\/p>\n<p><strong>Savyb\u0117s:<\/strong><\/p>\n<p>Mas\u0117 pagaminta i\u0161 100 % netoksi\u0161ko silikono<\/p>\n<p>Ned\u017ei\u016bsta ir ilgai i\u0161lieka tinkama naudoti<\/p>\n<p>Skirta vaikams nuo 3 met\u0173<\/p>\n<p>&nbsp;<\/p>\n<p>&nbsp;<\/p>\n<p data-start=\"513\" data-end=\"534\"><strong>Nauda vaikui:<\/strong><\/p>\n<p class=\"\" data-start=\"536\" data-end=\"791\">\ud83d\udfe1 <strong data-start=\"539\" data-end=\"568\">Lavina smulki\u0105j\u0105 motorik\u0105<\/strong><br data-start=\"568\" data-end=\"571\" \/>Maigydamas, ko\u010diodamas ar spausdamas mas\u0119, vaikas stiprina pir\u0161t\u0173, pla\u0161takos raumenis \u2013 tai puikus b\u016bdas paruo\u0161ti rankytes ra\u0161ymo u\u017eduotims bei kasdieniams \u012fg\u016bd\u017eiams, kurie didint\u0173 vaiko savaranki\u0161kum\u0105 (pvz., sag\u0173 u\u017esegimui, \u012franki\u0173 laikymui).<\/p>\n<p class=\"\" data-start=\"793\" data-end=\"994\">\ud83d\udd34 <strong data-start=\"796\" data-end=\"836\">Gerina jutimin\u012f suvokim\u0105 (sensorik\u0105)<\/strong><br data-start=\"836\" data-end=\"839\" \/>\u012evair\u016bs poj\u016b\u010diai, patiriami lie\u010diant mas\u0119, padeda vaikui geriau pa\u017einti savo k\u016bn\u0105, reguliuoti reakcijas \u012f lyt\u0117jim\u0105 ir kurti tikslesnius jutiminius atsakus.<\/p>\n<p class=\"\" data-start=\"996\" data-end=\"1162\">\ud83d\udfe1 <strong data-start=\"999\" data-end=\"1040\">Skatina d\u0117mesio sutelkim\u0105\u00a0<\/strong><br data-start=\"1040\" data-end=\"1043\" \/>\u017daismingi pratimai su mase ugdo vaiko geb\u0117jim\u0105 susikoncentruoti \u012f u\u017eduot\u012f, i\u0161laikyti d\u0117mes\u012f ir atlikti veikl\u0105 iki galo.<\/p>\n<p class=\"\" data-start=\"1164\" data-end=\"1337\">\ud83d\udd34 <strong data-start=\"1167\" data-end=\"1189\">Padeda nusiraminti<\/strong><br data-start=\"1189\" data-end=\"1192\" \/>L\u0117tas, monotoni\u0161kas minkymas ir spaudimas gali veikti kaip raminanti veikla, ypa\u010d jautresniems ar emocij\u0173 reguliavimo sunkum\u0173 turintiems vaikams.<\/p>\n<p class=\"\" data-start=\"1339\" data-end=\"1503\">\ud83d\udfe1 <strong data-start=\"1342\" data-end=\"1365\">Skatina k\u016brybi\u0161kum\u0105<\/strong><br data-start=\"1365\" data-end=\"1368\" \/>Lipdydamas \u012fvairias formas, gyv\u016bn\u0117lius ar \u201esl\u0117pdamas\u201c smulkius daiktus mase\u0307je, vaikas lavina vaizduot\u0119 ir problem\u0173 sprendimo \u012fg\u016bd\u017eius.<\/p>\n<p>Kod\u0117l pasirinkau tik dvi spalvas \u2013 gelton\u0105 ir raudon\u0105?<\/p>\n<p>Kaip vaik\u0173 ergoterapeut\u0117, produktus savo el. parduotuv\u0117je atrenku atsakingai \u2013 pagal tai, kas i\u0161 ties\u0173 veikia praktikoje. \u012etraukiau tik geltonos ir raudonos spalvos Qmed ergoterapines mases, nes jos geriausiai atitinka da\u017eniausius vaik\u0173 poreikius terapijoje.<\/p>\n<p>&nbsp;<\/p>\n<p>&nbsp;<\/p>","protected":false},"excerpt":{"rendered":"<p><img fetchpriority=\"high\" decoding=\"async\" class=\"alignnone size-medium wp-image-959\" src=\"http:\/\/otvaikai.lt\/wp-content\/uploads\/2025\/05\/Therapy-Putty-P1324-8-300x240.jpg\" alt=\"\" width=\"300\" height=\"240\" srcset=\"https:\/\/otvaikai.lt\/wp-content\/uploads\/2025\/05\/Therapy-Putty-P1324-8-300x240.jpg 300w, https:\/\/otvaikai.lt\/wp-content\/uploads\/2025\/05\/Therapy-Putty-P1324-8-768x614.jpg 768w, https:\/\/otvaikai.lt\/wp-content\/uploads\/2025\/05\/Therapy-Putty-P1324-8-15x12.jpg 15w, https:\/\/otvaikai.lt\/wp-content\/uploads\/2025\/05\/Therapy-Putty-P1324-8-600x479.jpg 600w, https:\/\/otvaikai.lt\/wp-content\/uploads\/2025\/05\/Therapy-Putty-P1324-8.jpg 856w\" sizes=\"(max-width: 300px) 100vw, 300px\" \/><img decoding=\"async\" class=\"alignnone size-medium wp-image-958\" src=\"http:\/\/otvaikai.lt\/wp-content\/uploads\/2025\/05\/Raudona-ergoterapine-mase.png-300x300.png\" alt=\"\" width=\"300\" height=\"300\" srcset=\"https:\/\/otvaikai.lt\/wp-content\/uploads\/2025\/05\/Raudona-ergoterapine-mase.png-300x300.png 300w, https:\/\/otvaikai.lt\/wp-content\/uploads\/2025\/05\/Raudona-ergoterapine-mase.png-150x150.png 150w, https:\/\/otvaikai.lt\/wp-content\/uploads\/2025\/05\/Raudona-ergoterapine-mase.png-768x768.png 768w, https:\/\/otvaikai.lt\/wp-content\/uploads\/2025\/05\/Raudona-ergoterapine-mase.png-12x12.png 12w, https:\/\/otvaikai.lt\/wp-content\/uploads\/2025\/05\/Raudona-ergoterapine-mase.png-600x600.png 600w, https:\/\/otvaikai.lt\/wp-content\/uploads\/2025\/05\/Raudona-ergoterapine-mase.png-100x100.png 100w, https:\/\/otvaikai.lt\/wp-content\/uploads\/2025\/05\/Raudona-ergoterapine-mase.png.png 1000w\" sizes=\"(max-width: 300px) 100vw, 300px\" \/><img decoding=\"async\" class=\"alignnone size-medium wp-image-960\" src=\"http:\/\/otvaikai.lt\/wp-content\/uploads\/2025\/05\/afe148-thera-putty-red-demo3-300x300.jpg\" alt=\"\" width=\"300\" height=\"300\" srcset=\"https:\/\/otvaikai.lt\/wp-content\/uploads\/2025\/05\/afe148-thera-putty-red-demo3-300x300.jpg 300w, https:\/\/otvaikai.lt\/wp-content\/uploads\/2025\/05\/afe148-thera-putty-red-demo3-150x150.jpg 150w, https:\/\/otvaikai.lt\/wp-content\/uploads\/2025\/05\/afe148-thera-putty-red-demo3-12x12.jpg 12w, https:\/\/otvaikai.lt\/wp-content\/uploads\/2025\/05\/afe148-thera-putty-red-demo3-600x600.jpg 600w, https:\/\/otvaikai.lt\/wp-content\/uploads\/2025\/05\/afe148-thera-putty-red-demo3-100x100.jpg 100w, https:\/\/otvaikai.lt\/wp-content\/uploads\/2025\/05\/afe148-thera-putty-red-demo3.jpg 768w\" sizes=\"(max-width: 300px) 100vw, 300px\" \/><\/p>","protected":false},"featured_media":957,"template":"","meta":{"site-sidebar-layout":"default","site-content-layout":"","ast-site-content-layout":"default","site-content-style":"default","site-sidebar-style":"default","ast-global-header-display":"","ast-banner-title-visibility":"","ast-main-header-display":"","ast-hfb-above-header-display":"","ast-hfb-below-header-display":"","ast-hfb-mobile-header-display":"","site-post-title":"","ast-breadcrumbs-content":"","ast-featured-img":"","footer-sml-layout":"","theme-transparent-header-meta":"default","adv-header-id-meta":"","stick-header-meta":"","header-above-stick-meta":"","header-main-stick-meta":"","header-below-stick-meta":"","astra-migrate-meta-layouts":"set","ast-page-background-enabled":"default","ast-page-background-meta":{"desktop":{"background-color":"var(--ast-global-color-4)","background-image":"","background-repeat":"repeat","background-position":"center center","background-size":"auto","background-attachment":"scroll","background-type":"","background-media":"","overlay-type":"","overlay-color":"","overlay-opacity":"","overlay-gradient":""},"tablet":{"background-color":"","background-image":"","background-repeat":"repeat","background-position":"center center","background-size":"auto","background-attachment":"scroll","background-type":"","background-media":"","overlay-type":"","overlay-color":"","overlay-opacity":"","overlay-gradient":""},"mobile":{"background-color":"","background-image":"","background-repeat":"repeat","background-position":"center center","background-size":"auto","background-attachment":"scroll","background-type":"","background-media":"","overlay-type":"","overlay-color":"","overlay-opacity":"","overlay-gradient":""}},"ast-content-background-meta":{"desktop":{"background-color":"var(--ast-global-color-5)","background-image":"","background-repeat":"repeat","background-position":"center center","background-size":"auto","background-attachment":"scroll","background-type":"","background-media":"","overlay-type":"","overlay-color":"","overlay-opacity":"","overlay-gradient":""},"tablet":{"background-color":"var(--ast-global-color-5)","background-image":"","background-repeat":"repeat","background-position":"center center","background-size":"auto","background-attachment":"scroll","background-type":"","background-media":"","overlay-type":"","overlay-color":"","overlay-opacity":"","overlay-gradient":""},"mobile":{"background-color":"var(--ast-global-color-5)","background-image":"","background-repeat":"repeat","background-position":"center center","background-size":"auto","background-attachment":"scroll","background-type":"","background-media":"","overlay-type":"","overlay-color":"","overlay-opacity":"","overlay-gradient":""}}},"product_brand":[],"product_cat":[15],"product_tag":[],"class_list":{"0":"post-956","1":"product","2":"type-product","3":"status-publish","4":"has-post-thumbnail","6":"product_cat-uncategorized","7":"desktop-align-left","8":"tablet-align-left","9":"mobile-align-left","11":"first","12":"instock","13":"shipping-taxable","14":"purchasable","15":"product-type-variable"},"aioseo_notices":[],"_links":{"self":[{"href":"https:\/\/otvaikai.lt\/en\/wp-json\/wp\/v2\/product\/956","targetHints":{"allow":["GET"]}}],"collection":[{"href":"https:\/\/otvaikai.lt\/en\/wp-json\/wp\/v2\/product"}],"about":[{"href":"https:\/\/otvaikai.lt\/en\/wp-json\/wp\/v2\/types\/product"}],"wp:featuredmedia":[{"embeddable":true,"href":"https:\/\/otvaikai.lt\/en\/wp-json\/wp\/v2\/media\/957"}],"wp:attachment":[{"href":"https:\/\/otvaikai.lt\/en\/wp-json\/wp\/v2\/media?parent=956"}],"wp:term":[{"taxonomy":"product_brand","embeddable":true,"href":"https:\/\/otvaikai.lt\/en\/wp-json\/wp\/v2\/product_brand?post=956"},{"taxonomy":"product_cat","embeddable":true,"href":"https:\/\/otvaikai.lt\/en\/wp-json\/wp\/v2\/product_cat?post=956"},{"taxonomy":"product_tag","embeddable":true,"href":"https:\/\/otvaikai.lt\/en\/wp-json\/wp\/v2\/product_tag?post=956"}],"curies":[{"name":"wp","href":"https:\/\/api.w.org\/{rel}","templated":true}]}}