{"id":969,"date":"2025-07-16T08:06:59","date_gmt":"2025-07-16T08:06:59","guid":{"rendered":"https:\/\/otvaikai.lt\/?post_type=product&#038;p=969"},"modified":"2025-07-16T08:20:30","modified_gmt":"2025-07-16T08:20:30","slug":"pasipriesinimo-gumu-rinkinys-3-vnt","status":"publish","type":"product","link":"https:\/\/otvaikai.lt\/en\/product\/pasipriesinimo-gumu-rinkinys-3-vnt\/","title":{"rendered":"Pasiprie\u0161inimo gum\u0173 rinkinys 3 vnt."},"content":{"rendered":"<p data-start=\"425\" data-end=\"697\"><strong>Pasiprie\u0161inimo juosta<\/strong> \u2013 tai paprasta, bet veiksminga pagalbin\u0117 priemon\u0117, skirta vaikams, kuriems b\u016bdingas padid\u0117j\u0119s poreikis jud\u0117ti ar sunkumai su savireguliacija. Ji tvirtinama prie k\u0117d\u0117s ar stalo koj\u0173 taip, kad vaikas gal\u0117t\u0173 judinti kojas ir jaust\u0173 pasiprie\u0161inim\u0105 s\u0117d\u0117damas.<\/p>\n<p data-start=\"699\" data-end=\"892\">\u0160i priemon\u0117 da\u017enai naudojama ergoterapijoje vaikams, turintiems sensorin\u0117s integracijos sunkum\u0173, d\u0117mesio ir aktyvumo sutrikim\u0173 (ADHD), autizmo spektro sutrikim\u0173 ar emocij\u0173 reguliacijos i\u0161\u0161\u016bki\u0173.<\/p>\n<p data-start=\"894\" data-end=\"1335\"><strong data-start=\"894\" data-end=\"922\">Pagrindiniai privalumai:<\/strong><\/p>\n<p data-start=\"894\" data-end=\"1335\">\u2022 Suteikia <strong data-start=\"936\" data-end=\"969\">propriorecepcin\u0119 stimuliacij\u0105<\/strong>, kuri padeda vaikui reguliuoti sensorin\u012f atsak\u0105 ir palaikyti optimal\u0173 su\u017eadinimo lyg\u012f.<br data-start=\"1055\" data-end=\"1058\" \/>\u2022 Skatina <strong data-start=\"1068\" data-end=\"1089\">d\u0117mesio i\u0161laikym\u0105<\/strong> bei ram\u0173 s\u0117d\u0117jim\u0105 u\u017eduoties metu.<br data-start=\"1122\" data-end=\"1125\" \/>\u2022 Sali b\u016bti naudojama tiek <strong data-start=\"1152\" data-end=\"1186\">namuose, tiek ugdymo \u012fstaigose.<\/strong><\/p>\n<p data-start=\"894\" data-end=\"1335\"><br data-start=\"1217\" data-end=\"1220\" data-is-only-node=\"\" \/>Naudojant reguliariai, \u0161i juosta gali pad\u0117ti gerinti savireguliacij\u0105, ma\u017einti impulsyvum\u0105 bei gerinti u\u017eduo\u010di\u0173 atlikim\u0105.<\/p>","protected":false},"excerpt":{"rendered":"<p data-start=\"894\" data-end=\"1335\"><img fetchpriority=\"high\" decoding=\"async\" class=\"alignnone size-medium wp-image-971\" src=\"http:\/\/otvaikai.lt\/wp-content\/uploads\/2025\/07\/pasipriesinimo-juostos-1-300x289.webp\" alt=\"\" width=\"300\" height=\"289\" srcset=\"https:\/\/otvaikai.lt\/wp-content\/uploads\/2025\/07\/pasipriesinimo-juostos-1-300x289.webp 300w, https:\/\/otvaikai.lt\/wp-content\/uploads\/2025\/07\/pasipriesinimo-juostos-1-1024x987.webp 1024w, https:\/\/otvaikai.lt\/wp-content\/uploads\/2025\/07\/pasipriesinimo-juostos-1-768x740.webp 768w, https:\/\/otvaikai.lt\/wp-content\/uploads\/2025\/07\/pasipriesinimo-juostos-1-12x12.webp 12w, https:\/\/otvaikai.lt\/wp-content\/uploads\/2025\/07\/pasipriesinimo-juostos-1-600x578.webp 600w, https:\/\/otvaikai.lt\/wp-content\/uploads\/2025\/07\/pasipriesinimo-juostos-1.webp 1212w\" sizes=\"(max-width: 300px) 100vw, 300px\" \/><\/p>","protected":false},"featured_media":970,"template":"","meta":{"site-sidebar-layout":"default","site-content-layout":"","ast-site-content-layout":"default","site-content-style":"default","site-sidebar-style":"default","ast-global-header-display":"","ast-banner-title-visibility":"","ast-main-header-display":"","ast-hfb-above-header-display":"","ast-hfb-below-header-display":"","ast-hfb-mobile-header-display":"","site-post-title":"","ast-breadcrumbs-content":"","ast-featured-img":"","footer-sml-layout":"","theme-transparent-header-meta":"default","adv-header-id-meta":"","stick-header-meta":"","header-above-stick-meta":"","header-main-stick-meta":"","header-below-stick-meta":"","astra-migrate-meta-layouts":"set","ast-page-background-enabled":"default","ast-page-background-meta":{"desktop":{"background-color":"var(--ast-global-color-4)","background-image":"","background-repeat":"repeat","background-position":"center center","background-size":"auto","background-attachment":"scroll","background-type":"","background-media":"","overlay-type":"","overlay-color":"","overlay-opacity":"","overlay-gradient":""},"tablet":{"background-color":"","background-image":"","background-repeat":"repeat","background-position":"center center","background-size":"auto","background-attachment":"scroll","background-type":"","background-media":"","overlay-type":"","overlay-color":"","overlay-opacity":"","overlay-gradient":""},"mobile":{"background-color":"","background-image":"","background-repeat":"repeat","background-position":"center center","background-size":"auto","background-attachment":"scroll","background-type":"","background-media":"","overlay-type":"","overlay-color":"","overlay-opacity":"","overlay-gradient":""}},"ast-content-background-meta":{"desktop":{"background-color":"var(--ast-global-color-5)","background-image":"","background-repeat":"repeat","background-position":"center center","background-size":"auto","background-attachment":"scroll","background-type":"","background-media":"","overlay-type":"","overlay-color":"","overlay-opacity":"","overlay-gradient":""},"tablet":{"background-color":"var(--ast-global-color-5)","background-image":"","background-repeat":"repeat","background-position":"center center","background-size":"auto","background-attachment":"scroll","background-type":"","background-media":"","overlay-type":"","overlay-color":"","overlay-opacity":"","overlay-gradient":""},"mobile":{"background-color":"var(--ast-global-color-5)","background-image":"","background-repeat":"repeat","background-position":"center center","background-size":"auto","background-attachment":"scroll","background-type":"","background-media":"","overlay-type":"","overlay-color":"","overlay-opacity":"","overlay-gradient":""}}},"product_brand":[],"product_cat":[15],"product_tag":[],"class_list":{"0":"post-969","1":"product","2":"type-product","3":"status-publish","4":"has-post-thumbnail","6":"product_cat-uncategorized","7":"desktop-align-left","8":"tablet-align-left","9":"mobile-align-left","11":"first","12":"instock","13":"sale","14":"shipping-taxable","15":"purchasable","16":"product-type-simple"},"aioseo_notices":[],"_links":{"self":[{"href":"https:\/\/otvaikai.lt\/en\/wp-json\/wp\/v2\/product\/969","targetHints":{"allow":["GET"]}}],"collection":[{"href":"https:\/\/otvaikai.lt\/en\/wp-json\/wp\/v2\/product"}],"about":[{"href":"https:\/\/otvaikai.lt\/en\/wp-json\/wp\/v2\/types\/product"}],"wp:featuredmedia":[{"embeddable":true,"href":"https:\/\/otvaikai.lt\/en\/wp-json\/wp\/v2\/media\/970"}],"wp:attachment":[{"href":"https:\/\/otvaikai.lt\/en\/wp-json\/wp\/v2\/media?parent=969"}],"wp:term":[{"taxonomy":"product_brand","embeddable":true,"href":"https:\/\/otvaikai.lt\/en\/wp-json\/wp\/v2\/product_brand?post=969"},{"taxonomy":"product_cat","embeddable":true,"href":"https:\/\/otvaikai.lt\/en\/wp-json\/wp\/v2\/product_cat?post=969"},{"taxonomy":"product_tag","embeddable":true,"href":"https:\/\/otvaikai.lt\/en\/wp-json\/wp\/v2\/product_tag?post=969"}],"curies":[{"name":"wp","href":"https:\/\/api.w.org\/{rel}","templated":true}]}}